{"id":18428,"date":"2025-12-01T17:51:53","date_gmt":"2025-12-01T17:51:53","guid":{"rendered":"https:\/\/edicioneseldrago.com\/?page_id=18428"},"modified":"2025-12-04T13:11:36","modified_gmt":"2025-12-04T13:11:36","slug":"terminos-y-condiciones","status":"publish","type":"page","link":"https:\/\/edicioneseldrago.com\/en\/terminos-y-condiciones\/","title":{"rendered":"T\u00e9rminos y condiciones"},"content":{"rendered":"<div data-elementor-type=\"wp-page\" data-elementor-id=\"18428\" class=\"elementor elementor-18428\" data-elementor-post-type=\"page\">\n\t\t\t\t<div class=\"elementor-element elementor-element-b7cfa1e e-flex e-con-boxed e-con e-parent\" data-id=\"b7cfa1e\" data-element_type=\"container\" data-e-type=\"container\" data-settings=\"{&quot;wcf_enable_cursor_hover_effect_text&quot;:&quot;View&quot;,&quot;wcf-animation&quot;:&quot;none&quot;}\">\n\t\t\t\t\t<div class=\"e-con-inner\">\n\t\t\t\t<div class=\"elementor-element elementor-element-9c0290c wcf-t-animation-none elementor-widget elementor-widget-text-editor\" data-id=\"9c0290c\" data-element_type=\"widget\" data-e-type=\"widget\" data-settings=\"{&quot;wcf_text_animation&quot;:&quot;none&quot;,&quot;wcf-animation&quot;:&quot;none&quot;}\" data-widget_type=\"text-editor.default\">\n\t\t\t\t<div class=\"elementor-widget-container\">\n\t\t\t\t\t\t\t\t\t<div class=\"container section-title-container\"><strong>Condiciones y t\u00e9rminos<\/strong><\/div><div>\u00a0<\/div><div id=\"content\" class=\"content-area page-wrapper\" role=\"main\"><div class=\"row row-main\"><div class=\"large-12 col\"><div class=\"col-inner\"><p><strong>Condiciones generales de contrataci\u00f3n<\/strong><\/p><p>\u00a0<\/p><p>Los contratos de compraventa concluidos a trav\u00e9s de esta p\u00e1gina web\u00a0<a href=\"https:\/\/edicioneseldrago.com\/en\/\">edicioneseldrago.com<\/a>\u00a0entre EDICIONES EL DRAGO y el consumidor se regir\u00e1n por las siguientes Condiciones Generales de Contrataci\u00f3n: Usted suscribir\u00e1 un contrato con EDICIONES EL DRAGO., con c\u00f3digo de identificaci\u00f3n fiscal NIF: 50741361A y con domicilio social en Playa de Altea, 6, 28660 Boadilla del Monte, Madrid.<\/p><p>\u00a0<\/p><p>Puede contactarnos a trav\u00e9s del tel\u00e9fono 915763100 \/ 680988097 o por correo electr\u00f3nico en la siguiente direcci\u00f3n:\u00a0<a href=\"mailto:info@edicioneseldrago.com\">info@edicioneseldrago.com<\/a>.<\/p><p>\u00a0<\/p><p><strong>1. Pasos a seguir para el proceso de compra:<\/strong><\/p><p>\u00a0<\/p><p>La informaci\u00f3n de nuestros productos (incluyendo las descripciones, las cantidades y los precios) no representa una oferta. Es una invitaci\u00f3n a que se efect\u00fae una compra de nuestros productos. El acuerdo s\u00f3lo se tomar\u00e1 en cuenta cuando se acepte su solicitud. La aceptaci\u00f3n del mismo es a nuestro criterio y depender\u00e1, entre otras cosas, de la disponibilidad de los productos solicitados de las cantidades y los precios de los productos solicitados sean coherentes con stock y con los precios en el d\u00eda que haya realizado el pedido. Pasos a seguir para la compra:<\/p><p>\u00a0<\/p><p>Los pasos de compra son posteriores a la creaci\u00f3n de la cuenta.<\/p><p>\u00a0<\/p><ol><li>Selecciones el producto en \u2018comprar\u2019<\/li><li>Crear cuenta y rellenar datos de facturaci\u00f3n. Si ya tiene cuenta creada autentificarse con email y contrase\u00f1a para acceder a su cuenta.<\/li><li>Puede seguir comprando o ir al paso siguiente mediante el bot\u00f3n \u2018tramitar pedido\u2019.<\/li><li>Seleccionar forma de env\u00edo<\/li><li>Seleccionar m\u00e9todo de pago Stripe. Ese le deriva la web de Stripe donde debe introducir los datos para finalizar la compra.<\/li><li>Una vez pagado, recibir\u00e1s un email con la confirmaci\u00f3n del pedido.<\/li><li>\u00a0<\/li><\/ol><p><strong>2. Lengua:<\/strong><\/p><p>\u00a0<\/p><p>El contrato se formalizar\u00e1 en castellano.<\/p><p>\u00a0<\/p><p><strong>3. Archivo del contrato:<\/strong><\/p><p>\u00a0<\/p><p>Los contratos concluidos en la tienda online quedan archivados. Puedes acceder a los pedidos realizados dentro de su sesi\u00f3n o enviando un correo electr\u00f3nico a\u00a0<a href=\"mailto:info@edicioneseldrago.com\">info@edicioneseldrago.com<\/a><\/p><p>\u00a0<\/p><p><strong>4. Precio:<\/strong><\/p><p>\u00a0<\/p><p>Los precios mostrados incluyen el impuesto sobre el valor a\u00f1adido (IVA) legalmente aplicable y se indican en euros. El precio de producto es el precio en vigor en la fecha y hora de la solicitud. Tratamos de asegurar que los precios mostrados en nuestra tienda sean precisos.<\/p><p>\u00a0<\/p><p><strong>5. Env\u00edos:<\/strong><\/p><p>\u00a0<\/p><p>Podr\u00e1 seleccionar las formas de env\u00edo a su elecci\u00f3n mediante correo postal, el cual ser\u00e1 gratuito y tendr\u00e1 un plazo de 4 \u00f3 5 d\u00edas o, mediante mensajer\u00eda con un abono de 5 euros (IVA no incluido) y el plazo de entrega se acorta a 24 o 48 horas. En el caso de excederse los plazos previstos por pedido podr\u00e1s revocar su compra y solicitar el abono del pedido o solicitar que se le sirva el pedido en dos env\u00edos sin coste a\u00f1adido, realiz\u00e1ndose un primer env\u00edo parcial de los productos disponibles y\/o la devoluci\u00f3n del importe de los productos que no se encuentren disponibles.<\/p><p>\u00a0<\/p><p>Recomendamos que en caso de requerir un art\u00edculo para una fecha determinada debe asegurarse de que lo hace con anticipaci\u00f3n suficiente para poder entregarle el pedido en el tiempo establecido. Pese a que en la cadena de entrega intervienen proveedores y agentes log\u00edsticos externos, nos esforzamos en reducir el plazo de entrega y en caso de incidencia informar al cliente.<\/p><p>\u00a0<\/p><p><strong>6. M\u00e9todos de pago:<\/strong><\/p><p>\u00a0<\/p><p>Puede realizar el pago mediante STRIPE.<\/p><p>\u00a0<\/p><p><strong>7. Derecho de desentimiento:<\/strong><\/p><p>\u00a0<\/p><p>Usted tiene derecho a resolver el contrato dentro de 14 d\u00edas h\u00e1biles siguientes a d\u00eda de la compra. Dicho desistimiento debe ser notificado a EDICIONES EL DRAGO. por escrito a la siguiente direcci\u00f3n: Playa de Altea, 6, 28660 Boadilla del Monte, Madrid<\/p><p>\u00a0<\/p><p>O por tel\u00e9fono llamando al 915763100 de lunes a viernes de 9 a 17h.<\/p><p>\u00a0<\/p><p>Se le devolver\u00e1 el importe pagado a excepci\u00f3n de los gastos de transporte en caso de que la devoluci\u00f3n no sea por causa imputable al vendedor y siempre y cuando el producto est\u00e9 en las mismas condiciones en las que fue entregado.<\/p><p>\u00a0<\/p><p><strong>8. Servicio posventa:<\/strong><\/p><p>\u00a0<\/p><p>Nuestro servicio de atenci\u00f3n al cliente est\u00e1 a su disposici\u00f3n para atender cualquier posible reclamaci\u00f3n. Puede contactarnos a trav\u00e9s del tel\u00e9fono 915763100 o mediante el siguiente correo electr\u00f3nico:\u00a0<a href=\"mailto:info@edicioneseldrago.com\">info@edicioneseldrago.com<\/a><\/p><p>\u00a0<\/p><p><strong>9. Tribunales competentes:<\/strong><\/p><p>\u00a0<\/p><p>Las partes se someten, a su elecci\u00f3n, para la resoluci\u00f3n de los conflictos y con renuncia a cualquier otro fuero, a los juzgados y tribunales del domicilio del usuario.<\/p><\/div><\/div><\/div><\/div><footer id=\"footer\" class=\"footer-wrapper\"><div class=\"footer-widgets footer footer-1\"><div class=\"row large-columns-4 mb-0\">\u00a0<\/div><\/div><\/footer>\t\t\t\t\t\t\t\t<\/div>\n\t\t\t\t<\/div>\n\t\t\t\t\t<\/div>\n\t\t\t\t<\/div>\n\t\t\t\t<\/div>","protected":false},"excerpt":{"rendered":"<p>Condiciones y t\u00e9rminos\u00a0 Condiciones generales de contrataci\u00f3n \u00a0 Los contratos de compraventa concluidos a trav\u00e9s de esta p\u00e1gina web\u00a0edicioneseldrago.com\u00a0entre EDICIONES EL DRAGO y el consumidor se regir\u00e1n por las siguientes Condiciones Generales de Contrataci\u00f3n: Usted suscribir\u00e1 un contrato con EDICIONES EL DRAGO., con c\u00f3digo de identificaci\u00f3n fiscal NIF: 50741361A y con domicilio social en Playa [&hellip;]<\/p>","protected":false},"author":1,"featured_media":0,"parent":0,"menu_order":0,"comment_status":"closed","ping_status":"closed","template":"elementor_header_footer","meta":{"_acf_changed":false,"footnotes":""},"class_list":["post-18428","page","type-page","status-publish","hentry"],"acf":[],"_links":{"self":[{"href":"https:\/\/edicioneseldrago.com\/en\/wp-json\/wp\/v2\/pages\/18428","targetHints":{"allow":["GET"]}}],"collection":[{"href":"https:\/\/edicioneseldrago.com\/en\/wp-json\/wp\/v2\/pages"}],"about":[{"href":"https:\/\/edicioneseldrago.com\/en\/wp-json\/wp\/v2\/types\/page"}],"author":[{"embeddable":true,"href":"https:\/\/edicioneseldrago.com\/en\/wp-json\/wp\/v2\/users\/1"}],"replies":[{"embeddable":true,"href":"https:\/\/edicioneseldrago.com\/en\/wp-json\/wp\/v2\/comments?post=18428"}],"version-history":[{"count":19,"href":"https:\/\/edicioneseldrago.com\/en\/wp-json\/wp\/v2\/pages\/18428\/revisions"}],"predecessor-version":[{"id":19381,"href":"https:\/\/edicioneseldrago.com\/en\/wp-json\/wp\/v2\/pages\/18428\/revisions\/19381"}],"wp:attachment":[{"href":"https:\/\/edicioneseldrago.com\/en\/wp-json\/wp\/v2\/media?parent=18428"}],"curies":[{"name":"wp","href":"https:\/\/api.w.org\/{rel}","templated":true}]}}